{"id":1422,"date":"2020-07-06T12:55:28","date_gmt":"2020-07-06T10:55:28","guid":{"rendered":"https:\/\/www.hksys.de\/cms16\/?page_id=1422"},"modified":"2020-07-06T13:02:31","modified_gmt":"2020-07-06T11:02:31","slug":"stahl-und-koks","status":"publish","type":"page","link":"https:\/\/hksys.de\/cms16\/stahl-und-koks\/","title":{"rendered":"Stahl und Koks"},"content":{"rendered":"<p>Unsere Highlights im Bereich der Stahlerzeugung, Kokserzeugung und Nebengewinnung:<\/p>\n<ul>\n<li><a href=\"https:\/\/www.kokereitechnik.de\/wp\/\">Kammerwandtemperaturverteilung Koksofen<\/a><\/li>\n<li>Sch\u00fcttmodelle Koksofen<\/li>\n<li>F\u00fcllstandsoptimierung Koksofen<\/li>\n<li>Mischbettverteilungen<\/li>\n<li>Hochofenprozessf\u00fchrung<\/li>\n<li><a href=\"https:\/\/www.hksys.de\/cms16\/index.php\/datenerfassung-kopplung\/\">Echtzeit Prozessdatenaufzeichnung<\/a><\/li>\n<li><a href=\"https:\/\/www.kokereitechnik.de\/wp\/\">Kokereitechnik<\/a>. Im gro\u00dfen Umfeld von Kokereien und deren Nebengewinnung verf\u00fcgen wir \u00fcber\u00a0 gro\u00dfe Erfahrung und k\u00f6nnen Ihnen viele weltweit erprobte L\u00f6sungen anbieten<\/li>\n<\/ul>\n<table width=\"666\">\n<tbody>\n<tr>\n<td width=\"166\"><strong>Produkt<\/strong><\/td>\n<td width=\"420\"><strong>Beschreibung<\/strong><\/td>\n<td width=\"80\"><strong>Info<\/strong><\/td>\n<\/tr>\n<tr>\n<td><strong>KOTA<\/strong><\/td>\n<td><strong>Koksofen-Kammerwand-Temperaturmessung<\/strong>:Direkte Messung der Kammerwandtemperatur mittels Pyrometermessung. Die Pyrometer sind gesch\u00fctzt ausserhalb des Hei\u00dfbereichs angebracht und die eigentliche Messung erfolgt mittels Hochtemperaturoptiken \u00fcber Glasfasern hinter dem Druckschild. Die genaue Kenntnis der Temperaturverteilung dient der Homogenisierung der Beheizung und damit Verbesserung der Prozessf\u00fchrung. Weniger Prim\u00e4renergieeinsatz bedeutet dann auch weniger Emissionen. Die KOTA Messung kann dabei direkt zur Regelung der Beheizung genutzt werden.<\/td>\n<td><img loading=\"lazy\" decoding=\"async\" class=\"alignnone wp-image-198\" src=\"https:\/\/www.hksys.de\/cms16\/wp-content\/uploads\/2014\/06\/1.gif\" alt=\"1\" width=\"184\" height=\"116\" \/><img loading=\"lazy\" decoding=\"async\" class=\"alignnone wp-image-199\" src=\"https:\/\/www.hksys.de\/cms16\/wp-content\/uploads\/2014\/06\/2.gif\" alt=\"2\" width=\"186\" height=\"136\" \/><\/td>\n<\/tr>\n<tr>\n<td><strong>KOKUTA<\/strong><\/td>\n<td><strong>Kokskuchentemperaturmessung\/Analyse<\/strong>:Direkte Messung der Oberfl\u00e4chentemperatur des Kokskuchens beim Ausdr\u00fcckvorgang mittels Pyrometermessung. Die Pyrometer sind gesch\u00fctzt ausserhalb des Hei\u00dfbereichs angebracht. Diese Messung gibt einen Eindruck \u00fcber die Temperaturverteilung im Koksofen. Diese L\u00f6sung bietet sich an, wenn \u00c4nderungen an der Druckstange nicht m\u00f6glich sind.<\/td>\n<td><img loading=\"lazy\" decoding=\"async\" class=\"alignnone wp-image-40\" src=\"https:\/\/www.kokereitechnik.de\/wp\/wp-content\/uploads\/2015\/03\/KOKUTA-300x232.jpg\" alt=\"KOKUTA\" width=\"182\" height=\"143\" \/><\/td>\n<\/tr>\n<tr>\n<td><strong>HETA<\/strong><\/td>\n<td><strong>Heizzugtemperaturanalyse<\/strong>:Handpyrometermessung der einzelnen Heizz\u00fcge. L\u00e4ngsmessung, Quermessung, Stufenmessung.Die genaue Kenntnis der Temperaturverteilung dient der Homogenisierung der Beheizung und damit Verbesserung der Prozessf\u00fchrung. Weniger Prim\u00e4renergieeinsatz bedeutet dann auch weniger Emissionen. Die HETA Messung kann dabei zur Regelung der Beheizung genutzt werden. Im Zusammenspiel mit KOTA eine optimale L\u00f6sung.Wir bieten die dazu passenden Handpyrometer an! Ab Sommer auch mit LCD-Tageslichtdisplay anstelle Optik. Damit wird auf die gestiegenen Arbeitssicherheitsanforderungen reagiert.<\/td>\n<td><img loading=\"lazy\" decoding=\"async\" class=\"alignnone size-medium wp-image-203\" src=\"https:\/\/www.hksys.de\/cms16\/wp-content\/uploads\/2014\/06\/6-300x119.gif\" alt=\"\" width=\"300\" height=\"119\" srcset=\"https:\/\/hksys.de\/cms16\/wp-content\/uploads\/2014\/06\/6-300x119.gif 300w, https:\/\/hksys.de\/cms16\/wp-content\/uploads\/2014\/06\/6-20x8.gif 20w\" sizes=\"auto, (max-width: 300px) 100vw, 300px\" \/><\/td>\n<\/tr>\n<tr>\n<td><strong>FESTUS<\/strong><\/td>\n<td><strong>Feuerfestreparaturdokumentation, -planung, -verfolgung:<\/strong>Feuerfesttemperaturen geh\u00f6ren leider zu Alltag. Eine genaue Planung, Dokumentation und Analyse sind f\u00fcr eine effiziente Lebensdauerverl\u00e4ngerung sehr wichtig. FESTUS ist das passende Werkzeug.<\/td>\n<td><img loading=\"lazy\" decoding=\"async\" class=\"alignnone size-medium wp-image-202\" src=\"https:\/\/www.hksys.de\/cms16\/wp-content\/uploads\/2014\/06\/5-300x110.gif\" alt=\"\" width=\"300\" height=\"110\" srcset=\"https:\/\/hksys.de\/cms16\/wp-content\/uploads\/2014\/06\/5-300x110.gif 300w, https:\/\/hksys.de\/cms16\/wp-content\/uploads\/2014\/06\/5-20x7.gif 20w\" sizes=\"auto, (max-width: 300px) 100vw, 300px\" \/><\/td>\n<\/tr>\n<tr>\n<td><strong>OTIS<\/strong><\/td>\n<td><strong>Ofent\u00fcr-\/reparatur\/umsetzungsplanung\/verfolgungsystem<\/strong>:Die Ofent\u00fcren inkl. deren Verfolgung sind wichtig bei einer emissionsarmen Prozessf\u00fchrung. Anstehende Reparaturen planen, dokumentieren und nachverfolgen, dabei den Materialeinsatz nahcvollziehen sind essentiell. Eine komplette Verfolgung der T\u00fcrumsetzungen liefert wichtige Informationen, welche T\u00fcrren in welchen \u00d6fen dicht oder undicht sind oder welche Standzeiten eine T\u00fcr im Ofen hat.<\/td>\n<td>\u00a0<img loading=\"lazy\" decoding=\"async\" class=\"alignnone wp-image-41\" src=\"https:\/\/www.kokereitechnik.de\/wp\/wp-content\/uploads\/2015\/03\/OTIS-300x230.jpg\" alt=\"OTIS\" width=\"194\" height=\"151\" \/><\/td>\n<\/tr>\n<tr>\n<td><strong>BEHOPS<\/strong><\/td>\n<td>Beheizungsregelung \/ -Optimierung:basierend auf den KOTA und HETA Messungen k\u00f6nnen wir Ihnen ein erprobtes Modell zur Beheizungsregelung und Optimierung implementieren.<\/td>\n<td>\u00a0<img loading=\"lazy\" decoding=\"async\" class=\"alignnone wp-image-42\" src=\"https:\/\/www.kokereitechnik.de\/wp\/wp-content\/uploads\/2015\/03\/BEHOPSbyKOTA-300x232.png\" alt=\"BEHOPSbyKOTA\" width=\"200\" height=\"157\" \/><\/td>\n<\/tr>\n<tr>\n<td><strong>KOREP\/KOTA AOD<\/strong><\/td>\n<td>Koksofen-Reportingsystem:Erkennung und Berichten von Problemen aus den Bereichen Graphit, Beheizung, Einstellungen, Schadensbilder, Prozessautomatisierung, Messdaten.Das Tagesgesch\u00e4ft ist schon umfangreich genug. Lassen Sie sich alle anstehenden Probleme komfortabel als to-do-Liste mit Gewichtung nach Priorit\u00e4t erzeugen. Zusammen mit unserem elektronischen Schichtbuch haben sie immer einen \u00dcberblick, was in der Anlage passiert!<\/td>\n<td>\u00a0<img loading=\"lazy\" decoding=\"async\" class=\"alignnone wp-image-44\" src=\"https:\/\/www.kokereitechnik.de\/wp\/wp-content\/uploads\/2015\/03\/rep02-300x231.jpg\" alt=\"rep02\" width=\"185\" height=\"145\" \/><img loading=\"lazy\" decoding=\"async\" class=\"alignnone wp-image-43\" src=\"https:\/\/www.kokereitechnik.de\/wp\/wp-content\/uploads\/2015\/03\/rep01-300x232.jpg\" alt=\"rep01\" width=\"185\" height=\"147\" \/><\/td>\n<\/tr>\n<tr>\n<td><strong>SIMUL<\/strong><\/td>\n<td>Simulationsumgebung f\u00fcr Prozesse:Wir simulieren jeden Ihrer Prozesse. Einfach Assistentenbasiert. Da dies sehr spezielle Aufgabenstellungen sind, sprechen Sie uns bitte an!<\/td>\n<td>\u00a0<img loading=\"lazy\" decoding=\"async\" class=\"alignnone wp-image-49\" src=\"https:\/\/www.kokereitechnik.de\/wp\/wp-content\/uploads\/2015\/03\/simul-300x187.jpg\" alt=\"simul\" width=\"84\" height=\"54\" \/><\/td>\n<\/tr>\n<tr>\n<td><strong>DRUKAS<\/strong><\/td>\n<td>Druckkraftanalysesystem:Eine Erfassung und durchgehende Analyse der Druckkraftmessung ist dabei wichtig f\u00fcr die Lebensdauer von Maschinen und Mauerwerk.<\/td>\n<td>\u00a0<img loading=\"lazy\" decoding=\"async\" class=\"alignnone wp-image-45\" src=\"https:\/\/www.kokereitechnik.de\/wp\/wp-content\/uploads\/2015\/03\/druka-300x227.jpg\" alt=\"druka\" width=\"185\" height=\"142\" \/><\/td>\n<\/tr>\n<tr>\n<td><strong>KoksSIM<\/strong><\/td>\n<td>Druckkraftanimation\/-Simulation:Komplette Simulation und grafische Animation des Druckvorgangs<\/td>\n<td>\u00a0<img loading=\"lazy\" decoding=\"async\" class=\"alignnone wp-image-48\" src=\"https:\/\/www.kokereitechnik.de\/wp\/wp-content\/uploads\/2015\/03\/simu-300x224.jpg\" alt=\"simu\" width=\"187\" height=\"142\" \/><\/td>\n<\/tr>\n<tr>\n<td><strong>KOKUP<\/strong><\/td>\n<td>Kohlekuchenprofilmessung (Stampftechnik):Vor Einbringen des Kohlekuchens in die Ofenkammer wird der komplette Kohlenkuchen vermessen. Radarsonden bzw. US-SCAN dienen als Messung.<\/td>\n<td>\u00a0 <img loading=\"lazy\" decoding=\"async\" class=\"alignnone wp-image-55\" src=\"https:\/\/www.kokereitechnik.de\/wp\/wp-content\/uploads\/2015\/03\/kopro2-300x280.jpg\" alt=\"kopro2\" width=\"186\" height=\"174\" \/> <img loading=\"lazy\" decoding=\"async\" class=\"alignnone wp-image-56\" src=\"https:\/\/www.kokereitechnik.de\/wp\/wp-content\/uploads\/2015\/03\/kopro3-300x177.jpg\" alt=\"kopro3\" width=\"187\" height=\"114\" \/><\/td>\n<\/tr>\n<tr>\n<td><strong>KOPRO<\/strong><\/td>\n<td>Koksprofilmessung:Mittels Radarmesstechnik wird der Kokskuchen beim Ausdr\u00fccken h\u00f6henvermessen. Diese Messung wird benutzt um mittels einer Vielzahl von Einflussfaktoren die F\u00fcllmenge signifikant zu steigern!<\/td>\n<td>\u00a0<img loading=\"lazy\" decoding=\"async\" class=\"alignnone wp-image-55\" src=\"https:\/\/www.kokereitechnik.de\/wp\/wp-content\/uploads\/2015\/03\/kopro2-300x280.jpg\" alt=\"kopro2\" width=\"186\" height=\"174\" \/><img loading=\"lazy\" decoding=\"async\" class=\"alignnone wp-image-56\" src=\"https:\/\/www.kokereitechnik.de\/wp\/wp-content\/uploads\/2015\/03\/kopro3-300x177.jpg\" alt=\"kopro3\" width=\"187\" height=\"114\" \/><img loading=\"lazy\" decoding=\"async\" class=\"alignnone wp-image-57\" src=\"https:\/\/www.kokereitechnik.de\/wp\/wp-content\/uploads\/2015\/03\/kopro4-300x232.jpg\" alt=\"kopro4\" width=\"189\" height=\"148\" \/><\/td>\n<\/tr>\n<tr>\n<td><strong>Shiftbook<\/strong><\/td>\n<td>Elektronisches Schichtbuch:Die Vielzahl von teilweise noch Excel-basierten Aufschreibungen in den Anlagen zusammen mit den Meisterb\u00fcchern gestattet keinen Umfassenden \u00dcberblick \u00fcber das Anlagen- und St\u00f6rgeschehen. Mittels HKS Shiftbook wird ein erprobtes einheitliches Werkzeug angeboten!<\/td>\n<td>\u00a0<img loading=\"lazy\" decoding=\"async\" class=\"alignnone wp-image-51\" src=\"https:\/\/www.kokereitechnik.de\/wp\/wp-content\/uploads\/2015\/03\/shiftbook-300x174.png\" alt=\"shiftbook\" width=\"200\" height=\"120\" \/><\/td>\n<\/tr>\n<tr>\n<td><strong>\u0097DruPla<\/strong><\/td>\n<td>Druckplanerzeugung, Optimierung:komplette Produktionsplanung inkl. Sperr\u00f6fen, Reparatur\u00f6fen, Aufziehen\/Zuziehen von Pausen, Vergleichm\u00e4\u00dfigung<\/td>\n<td>\u00a0<img loading=\"lazy\" decoding=\"async\" class=\"alignnone wp-image-46\" src=\"https:\/\/www.kokereitechnik.de\/wp\/wp-content\/uploads\/2015\/03\/drupla1-300x209.jpg\" alt=\"drupla1\" width=\"184\" height=\"131\" \/> <img loading=\"lazy\" decoding=\"async\" class=\"alignnone wp-image-47\" src=\"https:\/\/www.kokereitechnik.de\/wp\/wp-content\/uploads\/2015\/03\/drupla2-300x209.jpg\" alt=\"drupla2\" width=\"188\" height=\"134\" \/><\/td>\n<\/tr>\n<tr>\n<td><strong>FLITZ!<\/strong><\/td>\n<td>F\u00fcllstands- und Produktionsoptimierung:Unsere komplexes Programmpaket l\u00e4sst Sie Ihre Ofenf\u00fcllungen und Verfahrensabl\u00e4ufe optimieren. Die mannigfachen M\u00f6glichkeiten lassen sich besser in einem pers\u00f6nlichen Gespr\u00e4ch darstellen!<\/td>\n<td>\u00a0<img loading=\"lazy\" decoding=\"async\" class=\"alignnone wp-image-54\" src=\"https:\/\/www.kokereitechnik.de\/wp\/wp-content\/uploads\/2015\/03\/kopro1-300x173.jpg\" alt=\"kopro1\" width=\"249\" height=\"149\" \/><\/td>\n<\/tr>\n<tr>\n<td>\u00a0<strong>KOMIX<\/strong><\/td>\n<td>KohlenMix-Modell \/ Koksqualit\u00e4tsrechnung:Der Markt von verkokbaren Kohlesorten ist un\u00fcbersichtlich. Wir bieten Ihnen ein erprobtes Berechnungsmodell zur Vorhersage der damit zu erzielenden Ergebnisse<\/td>\n<td>\u00a0\u2013<\/td>\n<\/tr>\n<tr>\n<td><strong>TemPro<\/strong><\/td>\n<td>Temperatur\u00fcberwachung und Thermographie verschiedener Anlagenbereiche<\/td>\n<td><\/td>\n<\/tr>\n<tr>\n<td><strong>KORAMON<\/strong><\/td>\n<td>\u00a0Koksrampenfeld\u00fcberwachung<\/td>\n<td>\u00a0<img loading=\"lazy\" decoding=\"async\" class=\"alignnone wp-image-556\" src=\"https:\/\/www.hksys.de\/cms16\/wp-content\/uploads\/2014\/06\/AA120404-300x215.jpg\" alt=\"AA120404\" width=\"187\" height=\"138\" \/><\/td>\n<\/tr>\n<tr>\n<td><\/td>\n<td>\u00a0to be continued \u2026<\/td>\n<\/tr>\n<\/tbody>\n<\/table>\n","protected":false},"excerpt":{"rendered":"<p>Unsere Highlights im Bereich der Stahlerzeugung, Kokserzeugung und Nebengewinnung: Kammerwandtemperaturverteilung Koksofen Sch\u00fcttmodelle Koksofen F\u00fcllstandsoptimierung Koksofen Mischbettverteilungen Hochofenprozessf\u00fchrung Echtzeit Prozessdatenaufzeichnung Kokereitechnik. Im gro\u00dfen Umfeld von Kokereien und deren Nebengewinnung verf\u00fcgen wir \u00fcber\u00a0 gro\u00dfe Erfahrung und k\u00f6nnen Ihnen viele weltweit erprobte L\u00f6sungen anbieten Produkt Beschreibung Info KOTA Koksofen-Kammerwand-Temperaturmessung:Direkte Messung der Kammerwandtemperatur mittels&hellip; <\/p>\n","protected":false},"author":1,"featured_media":0,"parent":0,"menu_order":0,"comment_status":"closed","ping_status":"closed","template":"","meta":{"footnotes":""},"class_list":["post-1422","page","type-page","status-publish","hentry"],"_links":{"self":[{"href":"https:\/\/hksys.de\/cms16\/wp-json\/wp\/v2\/pages\/1422","targetHints":{"allow":["GET"]}}],"collection":[{"href":"https:\/\/hksys.de\/cms16\/wp-json\/wp\/v2\/pages"}],"about":[{"href":"https:\/\/hksys.de\/cms16\/wp-json\/wp\/v2\/types\/page"}],"author":[{"embeddable":true,"href":"https:\/\/hksys.de\/cms16\/wp-json\/wp\/v2\/users\/1"}],"replies":[{"embeddable":true,"href":"https:\/\/hksys.de\/cms16\/wp-json\/wp\/v2\/comments?post=1422"}],"version-history":[{"count":0,"href":"https:\/\/hksys.de\/cms16\/wp-json\/wp\/v2\/pages\/1422\/revisions"}],"wp:attachment":[{"href":"https:\/\/hksys.de\/cms16\/wp-json\/wp\/v2\/media?parent=1422"}],"curies":[{"name":"wp","href":"https:\/\/api.w.org\/{rel}","templated":true}]}}