{"id":184,"date":"2014-05-07T07:33:28","date_gmt":"2014-05-07T05:33:28","guid":{"rendered":"http:\/\/www.hksys.de\/web2012\/?page_id=184"},"modified":"2023-08-19T11:03:49","modified_gmt":"2023-08-19T09:03:49","slug":"training-und-seminare","status":"publish","type":"page","link":"https:\/\/hksys.de\/cms16\/training-und-seminare\/","title":{"rendered":"Coaching und Seminare"},"content":{"rendered":"<p><img loading=\"lazy\" decoding=\"async\" class=\"alignnone size-medium wp-image-1971\" src=\"https:\/\/www.hksys.de\/cms16\/wp-content\/uploads\/2022\/05\/estee-janssens-zEqkUMiMxMI-unsplash-300x201.jpg\" alt=\"\" width=\"300\" height=\"201\" srcset=\"https:\/\/hksys.de\/cms16\/wp-content\/uploads\/2022\/05\/estee-janssens-zEqkUMiMxMI-unsplash-300x201.jpg 300w, https:\/\/hksys.de\/cms16\/wp-content\/uploads\/2022\/05\/estee-janssens-zEqkUMiMxMI-unsplash-1024x684.jpg 1024w, https:\/\/hksys.de\/cms16\/wp-content\/uploads\/2022\/05\/estee-janssens-zEqkUMiMxMI-unsplash-768x513.jpg 768w, https:\/\/hksys.de\/cms16\/wp-content\/uploads\/2022\/05\/estee-janssens-zEqkUMiMxMI-unsplash-1536x1027.jpg 1536w, https:\/\/hksys.de\/cms16\/wp-content\/uploads\/2022\/05\/estee-janssens-zEqkUMiMxMI-unsplash-2048x1369.jpg 2048w\" sizes=\"auto, (max-width: 300px) 100vw, 300px\" \/><\/p>\n<p>Seit 20 Jahren sind wir kompetenter und zuverl\u00e4ssiger Partner f\u00fcr Coachings, Seminare und Trainingsma\u00dfnahmen. Angefangen bei der Erwachsenenbildung im Rahmen \u00f6ffentlich gef\u00f6rderter Qualifizierungsma\u00dfnahmen bis hin zu hoch spezialisierten Themen aus der IT-Sicherheit und industriellen IT.<\/p>\n<p>Die gro\u00dfen wirtschaftlichen und gesellschaftlichen Ver\u00e4nderungen der letzten Jahre bedeuten besondere Herausforderungen an alle Beteiligten, neue Technik, ver\u00e4nderte Randbedingungen und individuelle Vorstellungen, auch von der Zukunft. Dies brachte uns dazu Coachings anzubieten, die hier ansetzen. Life Coaching, Business Coaching, Innovation Coaching und Change Coaching.<\/p>\n<p>Sprechen Sie uns an!<\/p>\n<p>&nbsp;<\/p>\n","protected":false},"excerpt":{"rendered":"<p>Seit 20 Jahren sind wir kompetenter und zuverl\u00e4ssiger Partner f\u00fcr Coachings, Seminare und Trainingsma\u00dfnahmen. Angefangen bei der Erwachsenenbildung im Rahmen \u00f6ffentlich gef\u00f6rderter Qualifizierungsma\u00dfnahmen bis hin zu hoch spezialisierten Themen aus der IT-Sicherheit und industriellen IT. Die gro\u00dfen wirtschaftlichen und gesellschaftlichen Ver\u00e4nderungen der letzten Jahre bedeuten besondere Herausforderungen an alle Beteiligten, neue Technik, ver\u00e4nderte Randbedingungen und [&hellip;]<\/p>\n","protected":false},"author":1,"featured_media":0,"parent":0,"menu_order":0,"comment_status":"closed","ping_status":"closed","template":"","meta":{"site-sidebar-layout":"default","site-content-layout":"","ast-site-content-layout":"default","site-content-style":"default","site-sidebar-style":"default","ast-global-header-display":"","ast-banner-title-visibility":"","ast-main-header-display":"","ast-hfb-above-header-display":"","ast-hfb-below-header-display":"","ast-hfb-mobile-header-display":"","site-post-title":"","ast-breadcrumbs-content":"","ast-featured-img":"","footer-sml-layout":"","ast-disable-related-posts":"","theme-transparent-header-meta":"","adv-header-id-meta":"","stick-header-meta":"","header-above-stick-meta":"","header-main-stick-meta":"","header-below-stick-meta":"","astra-migrate-meta-layouts":"default","ast-page-background-enabled":"default","ast-page-background-meta":{"desktop":{"background-color":"","background-image":"","background-repeat":"repeat","background-position":"center center","background-size":"auto","background-attachment":"scroll","background-type":"","background-media":"","overlay-type":"","overlay-color":"","overlay-opacity":"","overlay-gradient":""},"tablet":{"background-color":"","background-image":"","background-repeat":"repeat","background-position":"center center","background-size":"auto","background-attachment":"scroll","background-type":"","background-media":"","overlay-type":"","overlay-color":"","overlay-opacity":"","overlay-gradient":""},"mobile":{"background-color":"","background-image":"","background-repeat":"repeat","background-position":"center center","background-size":"auto","background-attachment":"scroll","background-type":"","background-media":"","overlay-type":"","overlay-color":"","overlay-opacity":"","overlay-gradient":""}},"ast-content-background-meta":{"desktop":{"background-color":"var(--ast-global-color-5)","background-image":"","background-repeat":"repeat","background-position":"center center","background-size":"auto","background-attachment":"scroll","background-type":"","background-media":"","overlay-type":"","overlay-color":"","overlay-opacity":"","overlay-gradient":""},"tablet":{"background-color":"var(--ast-global-color-5)","background-image":"","background-repeat":"repeat","background-position":"center center","background-size":"auto","background-attachment":"scroll","background-type":"","background-media":"","overlay-type":"","overlay-color":"","overlay-opacity":"","overlay-gradient":""},"mobile":{"background-color":"var(--ast-global-color-5)","background-image":"","background-repeat":"repeat","background-position":"center center","background-size":"auto","background-attachment":"scroll","background-type":"","background-media":"","overlay-type":"","overlay-color":"","overlay-opacity":"","overlay-gradient":""}},"footnotes":""},"class_list":["post-184","page","type-page","status-publish","hentry"],"_links":{"self":[{"href":"https:\/\/hksys.de\/cms16\/wp-json\/wp\/v2\/pages\/184","targetHints":{"allow":["GET"]}}],"collection":[{"href":"https:\/\/hksys.de\/cms16\/wp-json\/wp\/v2\/pages"}],"about":[{"href":"https:\/\/hksys.de\/cms16\/wp-json\/wp\/v2\/types\/page"}],"author":[{"embeddable":true,"href":"https:\/\/hksys.de\/cms16\/wp-json\/wp\/v2\/users\/1"}],"replies":[{"embeddable":true,"href":"https:\/\/hksys.de\/cms16\/wp-json\/wp\/v2\/comments?post=184"}],"version-history":[{"count":2,"href":"https:\/\/hksys.de\/cms16\/wp-json\/wp\/v2\/pages\/184\/revisions"}],"predecessor-version":[{"id":4668,"href":"https:\/\/hksys.de\/cms16\/wp-json\/wp\/v2\/pages\/184\/revisions\/4668"}],"wp:attachment":[{"href":"https:\/\/hksys.de\/cms16\/wp-json\/wp\/v2\/media?parent=184"}],"curies":[{"name":"wp","href":"https:\/\/api.w.org\/{rel}","templated":true}]}}