{"id":1843,"date":"2022-04-18T18:37:56","date_gmt":"2022-04-18T16:37:56","guid":{"rendered":"https:\/\/www.hksys.de\/cms16\/?page_id=1843"},"modified":"2024-04-28T19:07:16","modified_gmt":"2024-04-28T17:07:16","slug":"schwerpunkte","status":"publish","type":"page","link":"https:\/\/hksys.de\/cms16\/schwerpunkte\/","title":{"rendered":"Schwerpunkte"},"content":{"rendered":"<p><img loading=\"lazy\" decoding=\"async\" class=\"alignnone size-medium wp-image-1844\" src=\"https:\/\/www.hksys.de\/cms16\/wp-content\/uploads\/2022\/04\/Portfolio-300x200.jpg\" alt=\"\" width=\"300\" height=\"200\" srcset=\"https:\/\/hksys.de\/cms16\/wp-content\/uploads\/2022\/04\/Portfolio-300x200.jpg 300w, https:\/\/hksys.de\/cms16\/wp-content\/uploads\/2022\/04\/Portfolio-1024x683.jpg 1024w, https:\/\/hksys.de\/cms16\/wp-content\/uploads\/2022\/04\/Portfolio-768x512.jpg 768w, https:\/\/hksys.de\/cms16\/wp-content\/uploads\/2022\/04\/Portfolio-1536x1024.jpg 1536w, https:\/\/hksys.de\/cms16\/wp-content\/uploads\/2022\/04\/Portfolio-2048x1365.jpg 2048w\" sizes=\"auto, (max-width: 300px) 100vw, 300px\" \/><\/p>\n<p>Schwerpunkte<\/p>\n<ul>\n<li>Innovative IT-L\u00f6sungen<\/li>\n<li>K\u00fcnstliche Intelligenz f\u00fcr industrielle Anwendungen<\/li>\n<li>Beratung, Planung und Begleitung von Innovationen und Investitionen<\/li>\n<li>Qualit\u00e4tssicherung und Auditbegleitung<\/li>\n<li>Sachverst\u00e4ndigenleistungen und Gutachten<\/li>\n<li>Cybersecurity, Firewall, Endpoint-Security<\/li>\n<li>Cyberdefense und IT-Forensik<\/li>\n<li>Zertifizierung ISO 27001 KRITIS und ISO 62443<\/li>\n<li>Data-Science<\/li>\n<li>Cloud Computing<\/li>\n<li>Industrielle IT<\/li>\n<li>Beschaffung und Distribution<\/li>\n<li>Seminare und Coaching<\/li>\n<\/ul>\n","protected":false},"excerpt":{"rendered":"<p>Schwerpunkte Innovative IT-L\u00f6sungen K\u00fcnstliche Intelligenz f\u00fcr industrielle Anwendungen Beratung, Planung und Begleitung von Innovationen und Investitionen Qualit\u00e4tssicherung und Auditbegleitung Sachverst\u00e4ndigenleistungen und Gutachten Cybersecurity, Firewall, Endpoint-Security Cyberdefense und IT-Forensik Zertifizierung ISO 27001 KRITIS und ISO 62443 Data-Science Cloud Computing Industrielle IT Beschaffung und Distribution Seminare und Coaching<\/p>\n","protected":false},"author":1,"featured_media":0,"parent":0,"menu_order":0,"comment_status":"closed","ping_status":"closed","template":"","meta":{"footnotes":""},"class_list":["post-1843","page","type-page","status-publish","hentry"],"_links":{"self":[{"href":"https:\/\/hksys.de\/cms16\/wp-json\/wp\/v2\/pages\/1843","targetHints":{"allow":["GET"]}}],"collection":[{"href":"https:\/\/hksys.de\/cms16\/wp-json\/wp\/v2\/pages"}],"about":[{"href":"https:\/\/hksys.de\/cms16\/wp-json\/wp\/v2\/types\/page"}],"author":[{"embeddable":true,"href":"https:\/\/hksys.de\/cms16\/wp-json\/wp\/v2\/users\/1"}],"replies":[{"embeddable":true,"href":"https:\/\/hksys.de\/cms16\/wp-json\/wp\/v2\/comments?post=1843"}],"version-history":[{"count":1,"href":"https:\/\/hksys.de\/cms16\/wp-json\/wp\/v2\/pages\/1843\/revisions"}],"predecessor-version":[{"id":4719,"href":"https:\/\/hksys.de\/cms16\/wp-json\/wp\/v2\/pages\/1843\/revisions\/4719"}],"wp:attachment":[{"href":"https:\/\/hksys.de\/cms16\/wp-json\/wp\/v2\/media?parent=1843"}],"curies":[{"name":"wp","href":"https:\/\/api.w.org\/{rel}","templated":true}]}}