{"id":1875,"date":"2022-04-23T09:53:37","date_gmt":"2022-04-23T07:53:37","guid":{"rendered":"https:\/\/www.hksys.de\/cms16\/?page_id=1875"},"modified":"2022-04-23T11:14:46","modified_gmt":"2022-04-23T09:14:46","slug":"it-solutions","status":"publish","type":"page","link":"https:\/\/hksys.de\/cms16\/it-solutions\/","title":{"rendered":"IT Solutions"},"content":{"rendered":"<p><img loading=\"lazy\" decoding=\"async\" class=\"alignnone size-medium wp-image-1876\" src=\"https:\/\/www.hksys.de\/cms16\/wp-content\/uploads\/2022\/04\/itsol-300x200.jpg\" alt=\"\" width=\"300\" height=\"200\" srcset=\"https:\/\/hksys.de\/cms16\/wp-content\/uploads\/2022\/04\/itsol-300x200.jpg 300w, https:\/\/hksys.de\/cms16\/wp-content\/uploads\/2022\/04\/itsol-768x512.jpg 768w, https:\/\/hksys.de\/cms16\/wp-content\/uploads\/2022\/04\/itsol-20x13.jpg 20w\" sizes=\"auto, (max-width: 300px) 100vw, 300px\" \/><\/p>\n<p>Wir analysieren und beraten Sie bis eine optimale L\u00f6sung gefunden ist.<\/p>\n<p>Innovative und nachhaltige Konzepte sorgen f\u00fcr Sicherheit.<\/p>\n<p>Wenn es nichts passendes am Markt gibt, erstellen wir f\u00fcr Sie eine individuelle L\u00f6sung.<\/p>\n<p>Cloud Computing, Virtualisierung, IT Sicherheit.<\/p>\n<p>Softwareentwicklung, iOS und Android Apps, Webl\u00f6sungen.<\/p>\n<p>&nbsp;<\/p>\n<p>&nbsp;<\/p>\n","protected":false},"excerpt":{"rendered":"<p>Wir analysieren und beraten Sie bis eine optimale L\u00f6sung gefunden ist. Innovative und nachhaltige Konzepte sorgen f\u00fcr Sicherheit. Wenn es nichts passendes am Markt gibt, erstellen wir f\u00fcr Sie eine individuelle L\u00f6sung. Cloud Computing, Virtualisierung, IT Sicherheit. Softwareentwicklung, iOS und Android Apps, Webl\u00f6sungen. &nbsp; &nbsp;<\/p>\n","protected":false},"author":1,"featured_media":0,"parent":0,"menu_order":0,"comment_status":"closed","ping_status":"closed","template":"","meta":{"site-sidebar-layout":"default","site-content-layout":"","ast-site-content-layout":"default","site-content-style":"default","site-sidebar-style":"default","ast-global-header-display":"","ast-banner-title-visibility":"","ast-main-header-display":"","ast-hfb-above-header-display":"","ast-hfb-below-header-display":"","ast-hfb-mobile-header-display":"","site-post-title":"","ast-breadcrumbs-content":"","ast-featured-img":"","footer-sml-layout":"","ast-disable-related-posts":"","theme-transparent-header-meta":"","adv-header-id-meta":"","stick-header-meta":"","header-above-stick-meta":"","header-main-stick-meta":"","header-below-stick-meta":"","astra-migrate-meta-layouts":"default","ast-page-background-enabled":"default","ast-page-background-meta":{"desktop":{"background-color":"","background-image":"","background-repeat":"repeat","background-position":"center center","background-size":"auto","background-attachment":"scroll","background-type":"","background-media":"","overlay-type":"","overlay-color":"","overlay-opacity":"","overlay-gradient":""},"tablet":{"background-color":"","background-image":"","background-repeat":"repeat","background-position":"center center","background-size":"auto","background-attachment":"scroll","background-type":"","background-media":"","overlay-type":"","overlay-color":"","overlay-opacity":"","overlay-gradient":""},"mobile":{"background-color":"","background-image":"","background-repeat":"repeat","background-position":"center center","background-size":"auto","background-attachment":"scroll","background-type":"","background-media":"","overlay-type":"","overlay-color":"","overlay-opacity":"","overlay-gradient":""}},"ast-content-background-meta":{"desktop":{"background-color":"var(--ast-global-color-5)","background-image":"","background-repeat":"repeat","background-position":"center center","background-size":"auto","background-attachment":"scroll","background-type":"","background-media":"","overlay-type":"","overlay-color":"","overlay-opacity":"","overlay-gradient":""},"tablet":{"background-color":"var(--ast-global-color-5)","background-image":"","background-repeat":"repeat","background-position":"center center","background-size":"auto","background-attachment":"scroll","background-type":"","background-media":"","overlay-type":"","overlay-color":"","overlay-opacity":"","overlay-gradient":""},"mobile":{"background-color":"var(--ast-global-color-5)","background-image":"","background-repeat":"repeat","background-position":"center center","background-size":"auto","background-attachment":"scroll","background-type":"","background-media":"","overlay-type":"","overlay-color":"","overlay-opacity":"","overlay-gradient":""}},"footnotes":""},"class_list":["post-1875","page","type-page","status-publish","hentry"],"_links":{"self":[{"href":"https:\/\/hksys.de\/cms16\/wp-json\/wp\/v2\/pages\/1875","targetHints":{"allow":["GET"]}}],"collection":[{"href":"https:\/\/hksys.de\/cms16\/wp-json\/wp\/v2\/pages"}],"about":[{"href":"https:\/\/hksys.de\/cms16\/wp-json\/wp\/v2\/types\/page"}],"author":[{"embeddable":true,"href":"https:\/\/hksys.de\/cms16\/wp-json\/wp\/v2\/users\/1"}],"replies":[{"embeddable":true,"href":"https:\/\/hksys.de\/cms16\/wp-json\/wp\/v2\/comments?post=1875"}],"version-history":[{"count":0,"href":"https:\/\/hksys.de\/cms16\/wp-json\/wp\/v2\/pages\/1875\/revisions"}],"wp:attachment":[{"href":"https:\/\/hksys.de\/cms16\/wp-json\/wp\/v2\/media?parent=1875"}],"curies":[{"name":"wp","href":"https:\/\/api.w.org\/{rel}","templated":true}]}}