{"id":1906,"date":"2022-04-30T08:46:20","date_gmt":"2022-04-30T06:46:20","guid":{"rendered":"https:\/\/www.hksys.de\/cms16\/?page_id=1906"},"modified":"2022-06-19T12:41:30","modified_gmt":"2022-06-19T10:41:30","slug":"branchenspezifisches","status":"publish","type":"page","link":"https:\/\/hksys.de\/cms16\/branchenspezifisches\/","title":{"rendered":"Branchenspezifisches"},"content":{"rendered":"<p><img loading=\"lazy\" decoding=\"async\" class=\"alignnone size-medium wp-image-1911\" src=\"https:\/\/www.hksys.de\/cms16\/wp-content\/uploads\/2022\/04\/solution-300x199.jpg\" alt=\"\" width=\"300\" height=\"199\" srcset=\"https:\/\/hksys.de\/cms16\/wp-content\/uploads\/2022\/04\/solution-300x199.jpg 300w, https:\/\/hksys.de\/cms16\/wp-content\/uploads\/2022\/04\/solution-1024x680.jpg 1024w, https:\/\/hksys.de\/cms16\/wp-content\/uploads\/2022\/04\/solution-768x510.jpg 768w, https:\/\/hksys.de\/cms16\/wp-content\/uploads\/2022\/04\/solution-1536x1020.jpg 1536w, https:\/\/hksys.de\/cms16\/wp-content\/uploads\/2022\/04\/solution-2048x1360.jpg 2048w\" sizes=\"auto, (max-width: 300px) 100vw, 300px\" \/><\/p>\n<p>&nbsp;<\/p>\n<p>Im Rahmen unserer vielf\u00e4ltigen Arbeitsgebiete sind viele international bekannte und patentierte L\u00f6sungen entstanden. Leider k\u00f6nnen wir aus Verschwiegenheitsverpflichtungen nicht alle vorstellen.<\/p>\n<p>Sichere Netzwerke und Zug\u00e4nge von Au\u00dfen sind bei uns ein Schwerpunktthema.<\/p>\n<p>&nbsp;<\/p>\n<p><strong>IT-Security KRITIS-Anlagen:<\/strong><\/p>\n<ul>\n<li>ITS Konzepte<\/li>\n<li>RemoteVPN<\/li>\n<li>Landingpoints<\/li>\n<li>Meetingpoints (selbst-gehosted)<\/li>\n<li>IDS<\/li>\n<li>IPS<\/li>\n<li>SIEM<\/li>\n<\/ul>\n<p>Individuell zusammengestellt, getestet, auditierbar und zertifiziert.<\/p>\n<p>&nbsp;<\/p>\n<p>Seit mehr als 30 Jahren sind wir auch in der Stahlindustrie t\u00e4tig und konnten im sehr anspruchsvollen Bereich Verkokung bzw. Kokereitechnik zentrale L\u00f6sungen schaffen.<\/p>\n<p>&nbsp;<\/p>\n<p><strong>Kokereitechnik:<\/strong><\/p>\n<ul>\n<li>KOMIS-Produktpalette (Kokerei \u2013 Management- Informationssystem)<\/li>\n<li>KOTA (Koksofenwand-Temperaturmessung \/ Kammerwandmessung \/ cokeoven wall temperature measurement)<\/li>\n<li>HETA (Heizzugtemperaturanalyse)<\/li>\n<li>FESTUS (Feuerfestdokumentation)<\/li>\n<li>OTIS (Ofent\u00fcrinspektionssystem)<\/li>\n<li>BEHOPS (Beheizungsregelung \/ -Optimierung)<\/li>\n<li>SIMUL (Simulationsumgebung f\u00fcr Prozesse)<\/li>\n<li>DRUKAS (Druckkraftanalysesystem)<\/li>\n<li>KoksSIM (Druckkraftanimation\/-Simulation)<\/li>\n<li>Shiftbook (Elektronisches Schichtbuch)<\/li>\n<li>KOPRO (Kohle-\/Koksprofilmessung)<\/li>\n<li>DruPla (Druckplan-L\u00f6sung)<\/li>\n<li>FLITZ (F\u00fcllstands- und Produktionsoptimierung)<\/li>\n<li>KOMIX (KohlenMix-Modell \/ Koksqualit\u00e4tsrechnung)<\/li>\n<li>Positioniersysteme<\/li>\n<li>Brandfr\u00fcherkennung Ofent\u00fcren und Rampenfelder<\/li>\n<\/ul>\n<p><strong>Klassifikationsgesellschaften\/Normung: DORIS\/IISAR<\/strong><\/p>\n<p>Sie haben gro\u00dfe Datenmengen, teilweise als Dateien, teilweise als Datenbanken? Sie finden nichts in akzeptabler Zeit wieder? Wir haben die L\u00f6sung: unsere DORIS\/IISAR, eine intelligente Suchmaschine, die mit allen Daten klar kommt.<\/p>\n<p>&nbsp;<\/p>\n<p>Mit Schnittstellen auch in Prozessleitsysteme wird Ihr Unternehmen zum Wissensportal mit transparenter Produktion. Dazu noch unsere Fehlerfr\u00fcherkennungskomponenten \u2026<\/p>\n<p>&nbsp;<\/p>\n<p>Das kann Ihr Wettbewerbsvorteil sein!<\/p>\n<p>In K\u00fcrze werden wir auch andere Bereiche hier zeigen.<\/p>\n<p>&nbsp;<\/p>\n","protected":false},"excerpt":{"rendered":"<p>&nbsp; Im Rahmen unserer vielf\u00e4ltigen Arbeitsgebiete sind viele international bekannte und patentierte L\u00f6sungen entstanden. Leider k\u00f6nnen wir aus Verschwiegenheitsverpflichtungen nicht alle vorstellen. Sichere Netzwerke und Zug\u00e4nge von Au\u00dfen sind bei uns ein Schwerpunktthema. &nbsp; IT-Security KRITIS-Anlagen: ITS Konzepte RemoteVPN Landingpoints Meetingpoints (selbst-gehosted) IDS IPS SIEM Individuell zusammengestellt, getestet, auditierbar und zertifiziert. &nbsp; Seit mehr als [&hellip;]<\/p>\n","protected":false},"author":1,"featured_media":0,"parent":0,"menu_order":0,"comment_status":"closed","ping_status":"closed","template":"","meta":{"site-sidebar-layout":"default","site-content-layout":"","ast-site-content-layout":"default","site-content-style":"default","site-sidebar-style":"default","ast-global-header-display":"","ast-banner-title-visibility":"","ast-main-header-display":"","ast-hfb-above-header-display":"","ast-hfb-below-header-display":"","ast-hfb-mobile-header-display":"","site-post-title":"","ast-breadcrumbs-content":"","ast-featured-img":"","footer-sml-layout":"","ast-disable-related-posts":"","theme-transparent-header-meta":"","adv-header-id-meta":"","stick-header-meta":"","header-above-stick-meta":"","header-main-stick-meta":"","header-below-stick-meta":"","astra-migrate-meta-layouts":"default","ast-page-background-enabled":"default","ast-page-background-meta":{"desktop":{"background-color":"","background-image":"","background-repeat":"repeat","background-position":"center center","background-size":"auto","background-attachment":"scroll","background-type":"","background-media":"","overlay-type":"","overlay-color":"","overlay-opacity":"","overlay-gradient":""},"tablet":{"background-color":"","background-image":"","background-repeat":"repeat","background-position":"center center","background-size":"auto","background-attachment":"scroll","background-type":"","background-media":"","overlay-type":"","overlay-color":"","overlay-opacity":"","overlay-gradient":""},"mobile":{"background-color":"","background-image":"","background-repeat":"repeat","background-position":"center center","background-size":"auto","background-attachment":"scroll","background-type":"","background-media":"","overlay-type":"","overlay-color":"","overlay-opacity":"","overlay-gradient":""}},"ast-content-background-meta":{"desktop":{"background-color":"var(--ast-global-color-5)","background-image":"","background-repeat":"repeat","background-position":"center center","background-size":"auto","background-attachment":"scroll","background-type":"","background-media":"","overlay-type":"","overlay-color":"","overlay-opacity":"","overlay-gradient":""},"tablet":{"background-color":"var(--ast-global-color-5)","background-image":"","background-repeat":"repeat","background-position":"center center","background-size":"auto","background-attachment":"scroll","background-type":"","background-media":"","overlay-type":"","overlay-color":"","overlay-opacity":"","overlay-gradient":""},"mobile":{"background-color":"var(--ast-global-color-5)","background-image":"","background-repeat":"repeat","background-position":"center center","background-size":"auto","background-attachment":"scroll","background-type":"","background-media":"","overlay-type":"","overlay-color":"","overlay-opacity":"","overlay-gradient":""}},"footnotes":""},"class_list":["post-1906","page","type-page","status-publish","hentry"],"_links":{"self":[{"href":"https:\/\/hksys.de\/cms16\/wp-json\/wp\/v2\/pages\/1906","targetHints":{"allow":["GET"]}}],"collection":[{"href":"https:\/\/hksys.de\/cms16\/wp-json\/wp\/v2\/pages"}],"about":[{"href":"https:\/\/hksys.de\/cms16\/wp-json\/wp\/v2\/types\/page"}],"author":[{"embeddable":true,"href":"https:\/\/hksys.de\/cms16\/wp-json\/wp\/v2\/users\/1"}],"replies":[{"embeddable":true,"href":"https:\/\/hksys.de\/cms16\/wp-json\/wp\/v2\/comments?post=1906"}],"version-history":[{"count":2,"href":"https:\/\/hksys.de\/cms16\/wp-json\/wp\/v2\/pages\/1906\/revisions"}],"predecessor-version":[{"id":2042,"href":"https:\/\/hksys.de\/cms16\/wp-json\/wp\/v2\/pages\/1906\/revisions\/2042"}],"wp:attachment":[{"href":"https:\/\/hksys.de\/cms16\/wp-json\/wp\/v2\/media?parent=1906"}],"curies":[{"name":"wp","href":"https:\/\/api.w.org\/{rel}","templated":true}]}}