{"id":1946,"date":"2022-05-29T11:21:59","date_gmt":"2022-05-29T09:21:59","guid":{"rendered":"https:\/\/www.hksys.de\/cms16\/?page_id=1946"},"modified":"2022-06-01T06:18:16","modified_gmt":"2022-06-01T04:18:16","slug":"beratung-planung-und-begleitung-von-innovationen-und-investitionen","status":"publish","type":"page","link":"https:\/\/hksys.de\/cms16\/beratung-planung-und-begleitung-von-innovationen-und-investitionen\/","title":{"rendered":"Beratung, Planung und Begleitung von Innovationen und Investitionen"},"content":{"rendered":"<p><img loading=\"lazy\" decoding=\"async\" class=\"alignnone size-medium wp-image-1976\" src=\"https:\/\/www.hksys.de\/cms16\/wp-content\/uploads\/2022\/06\/daria-nepriakhina-zoCDWPuiRuA-unsplash-300x200.jpg\" alt=\"\" width=\"300\" height=\"200\" srcset=\"https:\/\/hksys.de\/cms16\/wp-content\/uploads\/2022\/06\/daria-nepriakhina-zoCDWPuiRuA-unsplash-300x200.jpg 300w, https:\/\/hksys.de\/cms16\/wp-content\/uploads\/2022\/06\/daria-nepriakhina-zoCDWPuiRuA-unsplash-1024x683.jpg 1024w, https:\/\/hksys.de\/cms16\/wp-content\/uploads\/2022\/06\/daria-nepriakhina-zoCDWPuiRuA-unsplash-768x512.jpg 768w, https:\/\/hksys.de\/cms16\/wp-content\/uploads\/2022\/06\/daria-nepriakhina-zoCDWPuiRuA-unsplash-1536x1024.jpg 1536w, https:\/\/hksys.de\/cms16\/wp-content\/uploads\/2022\/06\/daria-nepriakhina-zoCDWPuiRuA-unsplash-2048x1365.jpg 2048w\" sizes=\"auto, (max-width: 300px) 100vw, 300px\" \/><\/p>\n<p>Wir unterst\u00fctzen und begleiten Sie bei der Planung, Vorbereitung und Umsetzung von Investitionen und Innovationen.<\/p>\n<p>Kompetente Bedarfsanalyse, Marktrecherche und Budgetplanung sind die Grundpfeiler jeder Ma\u00dfnahme.<\/p>\n<p>Die Erstellung der notwendigen Ausschreibungsunterlagen mit Begleitung der Ausschreibung und Pr\u00fcfung der Angebote geh\u00f6rt dazu.<\/p>\n<p>Ihre Vision ist das Ziel. Zusammen mit unseren erfahrenen Moderatoren und Coaches ist es oft einfacher als gedacht.<\/p>\n","protected":false},"excerpt":{"rendered":"<p>Wir unterst\u00fctzen und begleiten Sie bei der Planung, Vorbereitung und Umsetzung von Investitionen und Innovationen. Kompetente Bedarfsanalyse, Marktrecherche und Budgetplanung sind die Grundpfeiler jeder Ma\u00dfnahme. Die Erstellung der notwendigen Ausschreibungsunterlagen mit Begleitung der Ausschreibung und Pr\u00fcfung der Angebote geh\u00f6rt dazu. Ihre Vision ist das Ziel. Zusammen mit unseren erfahrenen Moderatoren und Coaches ist es oft [&hellip;]<\/p>\n","protected":false},"author":1,"featured_media":0,"parent":0,"menu_order":0,"comment_status":"closed","ping_status":"closed","template":"","meta":{"site-sidebar-layout":"default","site-content-layout":"","ast-site-content-layout":"default","site-content-style":"default","site-sidebar-style":"default","ast-global-header-display":"","ast-banner-title-visibility":"","ast-main-header-display":"","ast-hfb-above-header-display":"","ast-hfb-below-header-display":"","ast-hfb-mobile-header-display":"","site-post-title":"","ast-breadcrumbs-content":"","ast-featured-img":"","footer-sml-layout":"","ast-disable-related-posts":"","theme-transparent-header-meta":"","adv-header-id-meta":"","stick-header-meta":"","header-above-stick-meta":"","header-main-stick-meta":"","header-below-stick-meta":"","astra-migrate-meta-layouts":"default","ast-page-background-enabled":"default","ast-page-background-meta":{"desktop":{"background-color":"","background-image":"","background-repeat":"repeat","background-position":"center center","background-size":"auto","background-attachment":"scroll","background-type":"","background-media":"","overlay-type":"","overlay-color":"","overlay-opacity":"","overlay-gradient":""},"tablet":{"background-color":"","background-image":"","background-repeat":"repeat","background-position":"center center","background-size":"auto","background-attachment":"scroll","background-type":"","background-media":"","overlay-type":"","overlay-color":"","overlay-opacity":"","overlay-gradient":""},"mobile":{"background-color":"","background-image":"","background-repeat":"repeat","background-position":"center center","background-size":"auto","background-attachment":"scroll","background-type":"","background-media":"","overlay-type":"","overlay-color":"","overlay-opacity":"","overlay-gradient":""}},"ast-content-background-meta":{"desktop":{"background-color":"var(--ast-global-color-5)","background-image":"","background-repeat":"repeat","background-position":"center center","background-size":"auto","background-attachment":"scroll","background-type":"","background-media":"","overlay-type":"","overlay-color":"","overlay-opacity":"","overlay-gradient":""},"tablet":{"background-color":"var(--ast-global-color-5)","background-image":"","background-repeat":"repeat","background-position":"center center","background-size":"auto","background-attachment":"scroll","background-type":"","background-media":"","overlay-type":"","overlay-color":"","overlay-opacity":"","overlay-gradient":""},"mobile":{"background-color":"var(--ast-global-color-5)","background-image":"","background-repeat":"repeat","background-position":"center center","background-size":"auto","background-attachment":"scroll","background-type":"","background-media":"","overlay-type":"","overlay-color":"","overlay-opacity":"","overlay-gradient":""}},"footnotes":""},"class_list":["post-1946","page","type-page","status-publish","hentry"],"_links":{"self":[{"href":"https:\/\/hksys.de\/cms16\/wp-json\/wp\/v2\/pages\/1946","targetHints":{"allow":["GET"]}}],"collection":[{"href":"https:\/\/hksys.de\/cms16\/wp-json\/wp\/v2\/pages"}],"about":[{"href":"https:\/\/hksys.de\/cms16\/wp-json\/wp\/v2\/types\/page"}],"author":[{"embeddable":true,"href":"https:\/\/hksys.de\/cms16\/wp-json\/wp\/v2\/users\/1"}],"replies":[{"embeddable":true,"href":"https:\/\/hksys.de\/cms16\/wp-json\/wp\/v2\/comments?post=1946"}],"version-history":[{"count":2,"href":"https:\/\/hksys.de\/cms16\/wp-json\/wp\/v2\/pages\/1946\/revisions"}],"predecessor-version":[{"id":1977,"href":"https:\/\/hksys.de\/cms16\/wp-json\/wp\/v2\/pages\/1946\/revisions\/1977"}],"wp:attachment":[{"href":"https:\/\/hksys.de\/cms16\/wp-json\/wp\/v2\/media?parent=1946"}],"curies":[{"name":"wp","href":"https:\/\/api.w.org\/{rel}","templated":true}]}}