{"id":35,"date":"2012-04-19T12:54:35","date_gmt":"2012-04-19T10:54:35","guid":{"rendered":"http:\/\/www.hksys.de\/web2012\/?page_id=35"},"modified":"2019-12-31T15:43:08","modified_gmt":"2019-12-31T14:43:08","slug":"datenerfassung-kopplung","status":"publish","type":"page","link":"https:\/\/hksys.de\/cms16\/datenerfassung-kopplung\/","title":{"rendered":"Prozessdatenerfassung"},"content":{"rendered":"<p><strong>MES\/PDA, Datenerfassung, Datenkopplung und Datenvisualisierung<\/strong><\/p>\n<p>Profitieren Sie von unserer Erfahrung rund um:<\/p>\n<ul>\n<li><span style=\"font-size: x-small;\">ABB<\/span><\/li>\n<li><span style=\"font-size: x-small;\">Siemens<\/span><\/li>\n<li><span style=\"font-size: x-small;\">ALSPA8000<\/span><\/li>\n<li><span style=\"font-size: x-small;\">HKS DCS<\/span><\/li>\n<li><span style=\"font-size: x-small;\">HKS LCON<\/span><\/li>\n<\/ul>\n<p>Datenerfassung und Visualisierung sind dabei wesentliche Eckpfeiler einer ad\u00e4quaten Prozessf\u00fchrung und Optimierung.<\/p>\n<p>Hier bieten wir Ihnen unser weit verbreitetes LCON\/DCS-System an, dass Ihre Prozessdaten zuverl\u00e4ssig aus allen m\u00f6glichen Systemen koppelt und erfasst. F\u00fcr die Visualisierung sorgt unser CurvePilot. Ein einfach zu bedienendes Visualisierungswerkzeug. Zusammen mit unserem Berichtssystem HKS Reports haben Sie Ihre Anlage Datentechnisch im Griff.<\/p>\n<p>Sollten Sie Siemens CAS oder ABB Plantconnect \/ PGIM haben, auch hier k\u00f6nnen wir Ihnen Wartung, Optimierung und Erweiterungen anbieten.<\/p>\n<p>&nbsp;<\/p>\n<p>Sprechen Sie uns an!<\/p>\n","protected":false},"excerpt":{"rendered":"<p>MES\/PDA, Datenerfassung, Datenkopplung und Datenvisualisierung Profitieren Sie von unserer Erfahrung rund um: ABB Siemens ALSPA8000 HKS DCS HKS LCON Datenerfassung und Visualisierung sind dabei wesentliche Eckpfeiler einer ad\u00e4quaten Prozessf\u00fchrung und Optimierung. Hier bieten wir Ihnen unser weit verbreitetes LCON\/DCS-System an, dass Ihre Prozessdaten zuverl\u00e4ssig aus allen m\u00f6glichen Systemen koppelt und&hellip; <\/p>\n","protected":false},"author":1,"featured_media":0,"parent":0,"menu_order":0,"comment_status":"closed","ping_status":"closed","template":"","meta":{"footnotes":""},"class_list":["post-35","page","type-page","status-publish","hentry"],"_links":{"self":[{"href":"https:\/\/hksys.de\/cms16\/wp-json\/wp\/v2\/pages\/35","targetHints":{"allow":["GET"]}}],"collection":[{"href":"https:\/\/hksys.de\/cms16\/wp-json\/wp\/v2\/pages"}],"about":[{"href":"https:\/\/hksys.de\/cms16\/wp-json\/wp\/v2\/types\/page"}],"author":[{"embeddable":true,"href":"https:\/\/hksys.de\/cms16\/wp-json\/wp\/v2\/users\/1"}],"replies":[{"embeddable":true,"href":"https:\/\/hksys.de\/cms16\/wp-json\/wp\/v2\/comments?post=35"}],"version-history":[{"count":0,"href":"https:\/\/hksys.de\/cms16\/wp-json\/wp\/v2\/pages\/35\/revisions"}],"wp:attachment":[{"href":"https:\/\/hksys.de\/cms16\/wp-json\/wp\/v2\/media?parent=35"}],"curies":[{"name":"wp","href":"https:\/\/api.w.org\/{rel}","templated":true}]}}