{"id":4682,"date":"2023-08-22T09:04:42","date_gmt":"2023-08-22T07:04:42","guid":{"rendered":"https:\/\/hksys.de\/cms16\/?page_id=4682"},"modified":"2023-08-24T08:18:53","modified_gmt":"2023-08-24T06:18:53","slug":"akademie","status":"publish","type":"page","link":"https:\/\/hksys.de\/cms16\/akademie\/","title":{"rendered":"Akademie"},"content":{"rendered":"<p style=\"padding-left: 40px;\"><img loading=\"lazy\" decoding=\"async\" class=\"alignnone size-full wp-image-4697\" src=\"https:\/\/hksys.de\/cms16\/wp-content\/uploads\/2023\/08\/tim-mossholder-WE_Kv_ZB1l0-unsplash.jpg\" alt=\"\" width=\"9000\" height=\"6000\" srcset=\"https:\/\/hksys.de\/cms16\/wp-content\/uploads\/2023\/08\/tim-mossholder-WE_Kv_ZB1l0-unsplash.jpg 9000w, https:\/\/hksys.de\/cms16\/wp-content\/uploads\/2023\/08\/tim-mossholder-WE_Kv_ZB1l0-unsplash-300x200.jpg 300w, https:\/\/hksys.de\/cms16\/wp-content\/uploads\/2023\/08\/tim-mossholder-WE_Kv_ZB1l0-unsplash-1024x683.jpg 1024w, https:\/\/hksys.de\/cms16\/wp-content\/uploads\/2023\/08\/tim-mossholder-WE_Kv_ZB1l0-unsplash-768x512.jpg 768w\" sizes=\"auto, (max-width: 9000px) 100vw, 9000px\" \/><\/p>\n<p>Willkommen bei unserer IT-Akademie &#8211; Ihre Br\u00fccke zur digitalen Zukunft!<\/p>\n<p>In einer Welt, die sich st\u00e4ndig weiterentwickelt, ist es entscheidend, Schritt zu halten. Unsere IT-Akademie ist der Schl\u00fcssel, um die T\u00fcr zu den spannendsten Karrierem\u00f6glichkeiten im digitalen Zeitalter aufzusto\u00dfen.<\/p>\n<p>Unsere Vorteile:<br \/>\n&#8211; Expertenwissen: Unsere erfahrenen Dozenten sind Profis in ihren jeweiligen IT-Bereichen und teilen ihr Wissen leidenschaftlich gerne.<br \/>\n&#8211; Praxisn\u00e4he: Wir setzen auf praktische \u00dcbungen und Projekte, damit Sie das Gelernte sofort anwenden k\u00f6nnen.<br \/>\n&#8211; Flexible Lernmodelle: Unser breites Angebot an Kursen erm\u00f6glicht es Ihnen, Ihren individuellen Lernweg zu gestalten.<br \/>\n&#8211; Karriereunterst\u00fctzung: Wir unterst\u00fctzen Sie bei der Jobsuche und bereiten Sie optimal auf Vorstellungsgespr\u00e4che vor.<br \/>\n&#8211; Gemeinschaft: Bei uns finden Sie Gleichgesinnte und bauen wertvolle Netzwerke f\u00fcr Ihre berufliche Zukunft auf.<\/p>\n<p>Egal, ob Sie Anf\u00e4nger oder Experte sind, bei uns finden Sie den passenden Kurs, um Ihre IT-Kenntnisse auf das n\u00e4chste Level zu heben. Starten Sie noch heute Ihre Reise in die Welt der Technologie und sichern Sie sich Ihren Platz in der Zukunft.<\/p>\n<p>Sind Sie bereit, den ersten Schritt zu machen? Kontaktieren Sie uns jetzt f\u00fcr weitere Informationen und melden Sie sich f\u00fcr Ihren Wunschkurs an!<\/p>\n","protected":false},"excerpt":{"rendered":"<p>Willkommen bei unserer IT-Akademie &#8211; Ihre Br\u00fccke zur digitalen Zukunft! In einer Welt, die sich st\u00e4ndig weiterentwickelt, ist es entscheidend, Schritt zu halten. Unsere IT-Akademie ist der Schl\u00fcssel, um die T\u00fcr zu den spannendsten Karrierem\u00f6glichkeiten im digitalen Zeitalter aufzusto\u00dfen. Unsere Vorteile: &#8211; Expertenwissen: Unsere erfahrenen Dozenten sind Profis in ihren jeweiligen IT-Bereichen und teilen ihr [&hellip;]<\/p>\n","protected":false},"author":1,"featured_media":0,"parent":0,"menu_order":0,"comment_status":"closed","ping_status":"closed","template":"","meta":{"site-sidebar-layout":"default","site-content-layout":"","ast-site-content-layout":"default","site-content-style":"default","site-sidebar-style":"default","ast-global-header-display":"","ast-banner-title-visibility":"","ast-main-header-display":"","ast-hfb-above-header-display":"","ast-hfb-below-header-display":"","ast-hfb-mobile-header-display":"","site-post-title":"","ast-breadcrumbs-content":"","ast-featured-img":"","footer-sml-layout":"","ast-disable-related-posts":"","theme-transparent-header-meta":"","adv-header-id-meta":"","stick-header-meta":"","header-above-stick-meta":"","header-main-stick-meta":"","header-below-stick-meta":"","astra-migrate-meta-layouts":"default","ast-page-background-enabled":"default","ast-page-background-meta":{"desktop":{"background-color":"","background-image":"","background-repeat":"repeat","background-position":"center center","background-size":"auto","background-attachment":"scroll","background-type":"","background-media":"","overlay-type":"","overlay-color":"","overlay-opacity":"","overlay-gradient":""},"tablet":{"background-color":"","background-image":"","background-repeat":"repeat","background-position":"center center","background-size":"auto","background-attachment":"scroll","background-type":"","background-media":"","overlay-type":"","overlay-color":"","overlay-opacity":"","overlay-gradient":""},"mobile":{"background-color":"","background-image":"","background-repeat":"repeat","background-position":"center center","background-size":"auto","background-attachment":"scroll","background-type":"","background-media":"","overlay-type":"","overlay-color":"","overlay-opacity":"","overlay-gradient":""}},"ast-content-background-meta":{"desktop":{"background-color":"var(--ast-global-color-5)","background-image":"","background-repeat":"repeat","background-position":"center center","background-size":"auto","background-attachment":"scroll","background-type":"","background-media":"","overlay-type":"","overlay-color":"","overlay-opacity":"","overlay-gradient":""},"tablet":{"background-color":"var(--ast-global-color-5)","background-image":"","background-repeat":"repeat","background-position":"center center","background-size":"auto","background-attachment":"scroll","background-type":"","background-media":"","overlay-type":"","overlay-color":"","overlay-opacity":"","overlay-gradient":""},"mobile":{"background-color":"var(--ast-global-color-5)","background-image":"","background-repeat":"repeat","background-position":"center center","background-size":"auto","background-attachment":"scroll","background-type":"","background-media":"","overlay-type":"","overlay-color":"","overlay-opacity":"","overlay-gradient":""}},"footnotes":""},"class_list":["post-4682","page","type-page","status-publish","hentry"],"_links":{"self":[{"href":"https:\/\/hksys.de\/cms16\/wp-json\/wp\/v2\/pages\/4682","targetHints":{"allow":["GET"]}}],"collection":[{"href":"https:\/\/hksys.de\/cms16\/wp-json\/wp\/v2\/pages"}],"about":[{"href":"https:\/\/hksys.de\/cms16\/wp-json\/wp\/v2\/types\/page"}],"author":[{"embeddable":true,"href":"https:\/\/hksys.de\/cms16\/wp-json\/wp\/v2\/users\/1"}],"replies":[{"embeddable":true,"href":"https:\/\/hksys.de\/cms16\/wp-json\/wp\/v2\/comments?post=4682"}],"version-history":[{"count":2,"href":"https:\/\/hksys.de\/cms16\/wp-json\/wp\/v2\/pages\/4682\/revisions"}],"predecessor-version":[{"id":4698,"href":"https:\/\/hksys.de\/cms16\/wp-json\/wp\/v2\/pages\/4682\/revisions\/4698"}],"wp:attachment":[{"href":"https:\/\/hksys.de\/cms16\/wp-json\/wp\/v2\/media?parent=4682"}],"curies":[{"name":"wp","href":"https:\/\/api.w.org\/{rel}","templated":true}]}}