{"id":748,"date":"2015-07-20T08:49:15","date_gmt":"2015-07-20T06:49:15","guid":{"rendered":"http:\/\/www.hksys.de\/web2012\/?page_id=748"},"modified":"2022-04-17T11:38:24","modified_gmt":"2022-04-17T09:38:24","slug":"powercall","status":"publish","type":"page","link":"https:\/\/hksys.de\/cms16\/powercall\/","title":{"rendered":"PowerCall"},"content":{"rendered":"<p><img loading=\"lazy\" decoding=\"async\" class=\"alignnone size-medium wp-image-1608\" src=\"https:\/\/www.hksys.de\/cms16\/wp-content\/uploads\/2021\/01\/84B0BE56-EFB3-4844-BAD2-51AB2ED5F7DA-300x200.jpeg\" alt=\"\" width=\"300\" height=\"200\" srcset=\"https:\/\/hksys.de\/cms16\/wp-content\/uploads\/2021\/01\/84B0BE56-EFB3-4844-BAD2-51AB2ED5F7DA-300x200.jpeg 300w, https:\/\/hksys.de\/cms16\/wp-content\/uploads\/2021\/01\/84B0BE56-EFB3-4844-BAD2-51AB2ED5F7DA-1024x683.jpeg 1024w, https:\/\/hksys.de\/cms16\/wp-content\/uploads\/2021\/01\/84B0BE56-EFB3-4844-BAD2-51AB2ED5F7DA-768x512.jpeg 768w, https:\/\/hksys.de\/cms16\/wp-content\/uploads\/2021\/01\/84B0BE56-EFB3-4844-BAD2-51AB2ED5F7DA-1536x1024.jpeg 1536w, https:\/\/hksys.de\/cms16\/wp-content\/uploads\/2021\/01\/84B0BE56-EFB3-4844-BAD2-51AB2ED5F7DA-2048x1365.jpeg 2048w\" sizes=\"auto, (max-width: 300px) 100vw, 300px\" \/><\/p>\n<p>&nbsp;<\/p>\n<p>Es kann viel passieren. Ihr OS-Server ist ausgefallen? PGIM hat ein Problem? Ihr Netzwerk streikt? Sie ben\u00f6tigen professionelle Unterst\u00fctzung bei einem Engineeringproblem? Gern! Mit unserem PowerCall erreichen Sie unsere Spezialisten.\u00a0 Fest definierte Reaktionszeiten bringen Ihnen Sicherheit, die Ihnen pers\u00f6nlich zur Seite steht.<\/p>\n<p>Unsere erfahrenen Systemspezialisten stehen Ihnen f\u00fcr alle Aufgabenstellungen zur Verf\u00fcgung. Motiviert und kompetent.<\/p>\n<p>Servicestufen\/Wartungsvertr\u00e4ge:<\/p>\n<table class=\"HKS\" border=\"1\" cellspacing=\"1\" cellpadding=\"1\">\n<thead>\n<tr>\n<th scope=\"row\" width=\"28%\">PowerCall<\/th>\n<th scope=\"col\" width=\"18%\">By Call<\/th>\n<th scope=\"col\" width=\"18%\">Silber<\/th>\n<th scope=\"col\" width=\"18%\">Gold<\/th>\n<th scope=\"col\" width=\"18%\">Platin<\/th>\n<\/tr>\n<\/thead>\n<tbody>\n<tr>\n<th scope=\"row\">Zeiten\/Bereitschaft<\/th>\n<td>werktags,<br \/>\n9 bis 16 Uhr<\/td>\n<td>7\/5<\/td>\n<td>10\/5<\/td>\n<td>24\/7<\/td>\n<\/tr>\n<tr>\n<th scope=\"row\">Reaktionszeit<br \/>\nMo &#8211; Fr<\/th>\n<td>&#8212;<\/td>\n<td>9 &#8211; 16 Uhr:<br \/>\nmax. NBD<\/td>\n<td>8 &#8211; 18 Uhr:<br \/>\nmax. 4 Std.<\/td>\n<td>0 &#8211; 24 Uhr:<br \/>\nmax. 2 Std.<\/td>\n<\/tr>\n<tr>\n<th scope=\"row\">Reaktionszeit<br \/>\nSa, So, Feiertag<\/th>\n<td>&#8212;<\/td>\n<td>&#8212;<\/td>\n<td>&#8212;<\/td>\n<td>0 &#8211; 24 Uhr:<br \/>\nmax. 4 Std.<\/td>\n<\/tr>\n<\/tbody>\n<\/table>\n<p>&nbsp;<\/p>\n<p>Vertragskunden erhalten Ihre pers\u00f6nliche Kontaktnummer!<\/p>\n","protected":false},"excerpt":{"rendered":"<p>&nbsp; Es kann viel passieren. Ihr OS-Server ist ausgefallen? PGIM hat ein Problem? Ihr Netzwerk streikt? Sie ben\u00f6tigen professionelle Unterst\u00fctzung bei einem Engineeringproblem? Gern! Mit unserem PowerCall erreichen Sie unsere Spezialisten.\u00a0 Fest definierte Reaktionszeiten bringen Ihnen Sicherheit, die Ihnen pers\u00f6nlich zur Seite steht. Unsere erfahrenen Systemspezialisten stehen Ihnen f\u00fcr alle Aufgabenstellungen zur Verf\u00fcgung. Motiviert und [&hellip;]<\/p>\n","protected":false},"author":1,"featured_media":0,"parent":0,"menu_order":0,"comment_status":"closed","ping_status":"closed","template":"","meta":{"site-sidebar-layout":"default","site-content-layout":"","ast-site-content-layout":"default","site-content-style":"default","site-sidebar-style":"default","ast-global-header-display":"","ast-banner-title-visibility":"","ast-main-header-display":"","ast-hfb-above-header-display":"","ast-hfb-below-header-display":"","ast-hfb-mobile-header-display":"","site-post-title":"","ast-breadcrumbs-content":"","ast-featured-img":"","footer-sml-layout":"","ast-disable-related-posts":"","theme-transparent-header-meta":"","adv-header-id-meta":"","stick-header-meta":"","header-above-stick-meta":"","header-main-stick-meta":"","header-below-stick-meta":"","astra-migrate-meta-layouts":"default","ast-page-background-enabled":"default","ast-page-background-meta":{"desktop":{"background-color":"","background-image":"","background-repeat":"repeat","background-position":"center center","background-size":"auto","background-attachment":"scroll","background-type":"","background-media":"","overlay-type":"","overlay-color":"","overlay-opacity":"","overlay-gradient":""},"tablet":{"background-color":"","background-image":"","background-repeat":"repeat","background-position":"center center","background-size":"auto","background-attachment":"scroll","background-type":"","background-media":"","overlay-type":"","overlay-color":"","overlay-opacity":"","overlay-gradient":""},"mobile":{"background-color":"","background-image":"","background-repeat":"repeat","background-position":"center center","background-size":"auto","background-attachment":"scroll","background-type":"","background-media":"","overlay-type":"","overlay-color":"","overlay-opacity":"","overlay-gradient":""}},"ast-content-background-meta":{"desktop":{"background-color":"var(--ast-global-color-5)","background-image":"","background-repeat":"repeat","background-position":"center center","background-size":"auto","background-attachment":"scroll","background-type":"","background-media":"","overlay-type":"","overlay-color":"","overlay-opacity":"","overlay-gradient":""},"tablet":{"background-color":"var(--ast-global-color-5)","background-image":"","background-repeat":"repeat","background-position":"center center","background-size":"auto","background-attachment":"scroll","background-type":"","background-media":"","overlay-type":"","overlay-color":"","overlay-opacity":"","overlay-gradient":""},"mobile":{"background-color":"var(--ast-global-color-5)","background-image":"","background-repeat":"repeat","background-position":"center center","background-size":"auto","background-attachment":"scroll","background-type":"","background-media":"","overlay-type":"","overlay-color":"","overlay-opacity":"","overlay-gradient":""}},"footnotes":""},"class_list":["post-748","page","type-page","status-publish","hentry"],"_links":{"self":[{"href":"https:\/\/hksys.de\/cms16\/wp-json\/wp\/v2\/pages\/748","targetHints":{"allow":["GET"]}}],"collection":[{"href":"https:\/\/hksys.de\/cms16\/wp-json\/wp\/v2\/pages"}],"about":[{"href":"https:\/\/hksys.de\/cms16\/wp-json\/wp\/v2\/types\/page"}],"author":[{"embeddable":true,"href":"https:\/\/hksys.de\/cms16\/wp-json\/wp\/v2\/users\/1"}],"replies":[{"embeddable":true,"href":"https:\/\/hksys.de\/cms16\/wp-json\/wp\/v2\/comments?post=748"}],"version-history":[{"count":0,"href":"https:\/\/hksys.de\/cms16\/wp-json\/wp\/v2\/pages\/748\/revisions"}],"wp:attachment":[{"href":"https:\/\/hksys.de\/cms16\/wp-json\/wp\/v2\/media?parent=748"}],"curies":[{"name":"wp","href":"https:\/\/api.w.org\/{rel}","templated":true}]}}