{"id":800,"date":"2015-12-07T12:31:15","date_gmt":"2015-12-07T11:31:15","guid":{"rendered":"http:\/\/www.hksys.de\/web2012\/?page_id=800"},"modified":"2022-07-03T17:02:33","modified_gmt":"2022-07-03T15:02:33","slug":"kommunikation-netzwerke-und-it-security","status":"publish","type":"page","link":"https:\/\/hksys.de\/cms16\/kommunikation-netzwerke-und-it-security\/","title":{"rendered":"Cyberdefense und IT\/OT-Security"},"content":{"rendered":"<p><img loading=\"lazy\" decoding=\"async\" class=\"alignnone size-medium wp-image-1864\" src=\"https:\/\/www.hksys.de\/cms16\/wp-content\/uploads\/2022\/04\/Its--300x200.jpg\" alt=\"\" width=\"300\" height=\"200\" srcset=\"https:\/\/hksys.de\/cms16\/wp-content\/uploads\/2022\/04\/Its--300x200.jpg 300w, https:\/\/hksys.de\/cms16\/wp-content\/uploads\/2022\/04\/Its--1024x683.jpg 1024w, https:\/\/hksys.de\/cms16\/wp-content\/uploads\/2022\/04\/Its--768x512.jpg 768w, https:\/\/hksys.de\/cms16\/wp-content\/uploads\/2022\/04\/Its--1536x1025.jpg 1536w, https:\/\/hksys.de\/cms16\/wp-content\/uploads\/2022\/04\/Its--20x13.jpg 20w\" sizes=\"auto, (max-width: 300px) 100vw, 300px\" \/><\/p>\n<p>&nbsp;<\/p>\n<p>Ihre IT \/ OT ist tagt\u00e4glich vielen Bedrohungen ausgesetzt. Wir helfen Ihnen, diese performant und sicher zu halten und zu gestalten. IT\/OT Security ist die Grundlage Ihres Prozesses! Ohne eine IT\/OT-Securitystrategie sind Sie und Ihr Haus zu jeder Zeit von Angriffen oder internen Gefahren bedroht.<\/p>\n<p>L\u00f6sungen:<\/p>\n<ul>\n<li>NextGeneration-Firewall,<\/li>\n<li>UTM-Appliances,<\/li>\n<li>IDS, IPS<\/li>\n<li>SIEM<\/li>\n<li>CEM<\/li>\n<li>&#8230;<\/li>\n<\/ul>\n<p>Wir erarbeiten mit Ihnen zusammen massgeschneiderte Netzwerk- und\u00a0 IT-Security-L\u00f6sungen und unterst\u00fctzen Sie bei der Umsetzung von Anfang an. Es reicht nicht eine m\u00f6glichst teure L\u00f6sung hinzustellen, ohne dass Ihr Personal gut qualifiziert wird und Teil des Konzeptes ist!<\/p>\n<p>Vertrauen Sie nicht den Hochglanzbrosch\u00fcren! Lassen Sie sich umfassend beraten!<\/p>\n<p>Kommunikation:<\/p>\n<ul>\n<li>Sichere Kommunikation mittels GSM, 4G\/5G, M2M, IoT<\/li>\n<li>Webservices, Secure Email, Verschl\u00fcsselung<\/li>\n<li>Cloud Computing<\/li>\n<li>Funksysteme<\/li>\n<li>VPN, Remoteaccess<\/li>\n<\/ul>\n<p>Netzwerktechnik:<\/p>\n<ul>\n<li>Heterogene Netzwerke (Cisco, HP Aruba, Juniper, Dell, Level1)<\/li>\n<li>SecureWLAN (ZyXEL, ADS, Cisco, Ubiquity)<\/li>\n<li>Failovercluste<\/li>\n<\/ul>\n<p>IT-Security (Rohde, FortiNet, PaloAlto, Barracuda, Cisco, Sophos)<\/p>\n<ul>\n<li>Konzepte und Beratung<\/li>\n<li>Umsetzung<\/li>\n<li>Audits<\/li>\n<li>Penetrationtests<\/li>\n<li>Hacking Tests<\/li>\n<\/ul>\n<p>Wir unterst\u00fctzen Sie auch bei Auditvorbereitung sowie\u00a0Zertifizierung nach ISO 27001 KRITIS und ISO 62443.<\/p>\n","protected":false},"excerpt":{"rendered":"<p>&nbsp; Ihre IT \/ OT ist tagt\u00e4glich vielen Bedrohungen ausgesetzt. Wir helfen Ihnen, diese performant und sicher zu halten und zu gestalten. IT\/OT Security ist die Grundlage Ihres Prozesses! Ohne eine IT\/OT-Securitystrategie sind Sie und Ihr Haus zu jeder Zeit von Angriffen oder internen Gefahren bedroht. L\u00f6sungen: NextGeneration-Firewall, UTM-Appliances, IDS, IPS SIEM CEM &#8230; Wir [&hellip;]<\/p>\n","protected":false},"author":1,"featured_media":0,"parent":0,"menu_order":0,"comment_status":"closed","ping_status":"closed","template":"","meta":{"site-sidebar-layout":"default","site-content-layout":"","ast-site-content-layout":"default","site-content-style":"default","site-sidebar-style":"default","ast-global-header-display":"","ast-banner-title-visibility":"","ast-main-header-display":"","ast-hfb-above-header-display":"","ast-hfb-below-header-display":"","ast-hfb-mobile-header-display":"","site-post-title":"","ast-breadcrumbs-content":"","ast-featured-img":"","footer-sml-layout":"","ast-disable-related-posts":"","theme-transparent-header-meta":"","adv-header-id-meta":"","stick-header-meta":"","header-above-stick-meta":"","header-main-stick-meta":"","header-below-stick-meta":"","astra-migrate-meta-layouts":"default","ast-page-background-enabled":"default","ast-page-background-meta":{"desktop":{"background-color":"","background-image":"","background-repeat":"repeat","background-position":"center center","background-size":"auto","background-attachment":"scroll","background-type":"","background-media":"","overlay-type":"","overlay-color":"","overlay-opacity":"","overlay-gradient":""},"tablet":{"background-color":"","background-image":"","background-repeat":"repeat","background-position":"center center","background-size":"auto","background-attachment":"scroll","background-type":"","background-media":"","overlay-type":"","overlay-color":"","overlay-opacity":"","overlay-gradient":""},"mobile":{"background-color":"","background-image":"","background-repeat":"repeat","background-position":"center center","background-size":"auto","background-attachment":"scroll","background-type":"","background-media":"","overlay-type":"","overlay-color":"","overlay-opacity":"","overlay-gradient":""}},"ast-content-background-meta":{"desktop":{"background-color":"var(--ast-global-color-5)","background-image":"","background-repeat":"repeat","background-position":"center center","background-size":"auto","background-attachment":"scroll","background-type":"","background-media":"","overlay-type":"","overlay-color":"","overlay-opacity":"","overlay-gradient":""},"tablet":{"background-color":"var(--ast-global-color-5)","background-image":"","background-repeat":"repeat","background-position":"center center","background-size":"auto","background-attachment":"scroll","background-type":"","background-media":"","overlay-type":"","overlay-color":"","overlay-opacity":"","overlay-gradient":""},"mobile":{"background-color":"var(--ast-global-color-5)","background-image":"","background-repeat":"repeat","background-position":"center center","background-size":"auto","background-attachment":"scroll","background-type":"","background-media":"","overlay-type":"","overlay-color":"","overlay-opacity":"","overlay-gradient":""}},"footnotes":""},"class_list":["post-800","page","type-page","status-publish","hentry"],"_links":{"self":[{"href":"https:\/\/hksys.de\/cms16\/wp-json\/wp\/v2\/pages\/800","targetHints":{"allow":["GET"]}}],"collection":[{"href":"https:\/\/hksys.de\/cms16\/wp-json\/wp\/v2\/pages"}],"about":[{"href":"https:\/\/hksys.de\/cms16\/wp-json\/wp\/v2\/types\/page"}],"author":[{"embeddable":true,"href":"https:\/\/hksys.de\/cms16\/wp-json\/wp\/v2\/users\/1"}],"replies":[{"embeddable":true,"href":"https:\/\/hksys.de\/cms16\/wp-json\/wp\/v2\/comments?post=800"}],"version-history":[{"count":2,"href":"https:\/\/hksys.de\/cms16\/wp-json\/wp\/v2\/pages\/800\/revisions"}],"predecessor-version":[{"id":2056,"href":"https:\/\/hksys.de\/cms16\/wp-json\/wp\/v2\/pages\/800\/revisions\/2056"}],"wp:attachment":[{"href":"https:\/\/hksys.de\/cms16\/wp-json\/wp\/v2\/media?parent=800"}],"curies":[{"name":"wp","href":"https:\/\/api.w.org\/{rel}","templated":true}]}}