{"id":813,"date":"2015-12-07T12:50:12","date_gmt":"2015-12-07T11:50:12","guid":{"rendered":"http:\/\/www.hksys.de\/web2012\/?page_id=813"},"modified":"2022-04-22T12:27:39","modified_gmt":"2022-04-22T10:27:39","slug":"training-und-dokumentation","status":"publish","type":"page","link":"https:\/\/hksys.de\/cms16\/training-und-dokumentation\/","title":{"rendered":"Gutachten und Zertifizierungen"},"content":{"rendered":"<p><img loading=\"lazy\" decoding=\"async\" class=\"alignnone size-medium wp-image-1868\" src=\"https:\/\/www.hksys.de\/cms16\/wp-content\/uploads\/2022\/04\/cert-300x200.jpg\" alt=\"\" width=\"300\" height=\"200\" srcset=\"https:\/\/hksys.de\/cms16\/wp-content\/uploads\/2022\/04\/cert-300x200.jpg 300w, https:\/\/hksys.de\/cms16\/wp-content\/uploads\/2022\/04\/cert-1024x683.jpg 1024w, https:\/\/hksys.de\/cms16\/wp-content\/uploads\/2022\/04\/cert-768x512.jpg 768w, https:\/\/hksys.de\/cms16\/wp-content\/uploads\/2022\/04\/cert-1536x1024.jpg 1536w, https:\/\/hksys.de\/cms16\/wp-content\/uploads\/2022\/04\/cert-2048x1365.jpg 2048w\" sizes=\"auto, (max-width: 300px) 100vw, 300px\" \/><\/p>\n<p>&nbsp;<\/p>\n<p>Wir stehen Ihnen als Sachverst\u00e4ndige und Gutachter zur Seite. Von EDV bis IT-Sicherheit<\/p>\n<p>Wir trainieren Ihr Personal und Dokumentieren Ihr Business, \u00dcberarbeitung von Netzpl\u00e4nen oder ganzen Engineerings. Selbstverst\u00e4ndlich unterst\u00fctzen wir Sie als Sachverst\u00e4ndige und Gutachter auch Dritten gegen\u00fcber.<\/p>\n<p>Seit \u00fcber 20 Jahren sind wir ein kompetenter und zuverl\u00e4ssiger Partner f\u00fcr Seminare und Trainingsma\u00dfnahmen.<\/p>\n<p>Wir unterst\u00fctzen Sie auch bei Auditvorbereitung sowie\u00a0Zertifizierung nach ISO 27001 KRITIS und ISO 62443.<\/p>\n<p>&nbsp;<\/p>\n<p>&nbsp;<\/p>\n<p>&nbsp;<\/p>\n","protected":false},"excerpt":{"rendered":"<p>&nbsp; Wir stehen Ihnen als Sachverst\u00e4ndige und Gutachter zur Seite. Von EDV bis IT-Sicherheit Wir trainieren Ihr Personal und Dokumentieren Ihr Business, \u00dcberarbeitung von Netzpl\u00e4nen oder ganzen Engineerings. Selbstverst\u00e4ndlich unterst\u00fctzen wir Sie als Sachverst\u00e4ndige und Gutachter auch Dritten gegen\u00fcber. Seit \u00fcber 20 Jahren sind wir ein kompetenter und zuverl\u00e4ssiger Partner f\u00fcr Seminare und Trainingsma\u00dfnahmen. Wir [&hellip;]<\/p>\n","protected":false},"author":1,"featured_media":0,"parent":0,"menu_order":0,"comment_status":"closed","ping_status":"closed","template":"","meta":{"site-sidebar-layout":"default","site-content-layout":"","ast-site-content-layout":"default","site-content-style":"default","site-sidebar-style":"default","ast-global-header-display":"","ast-banner-title-visibility":"","ast-main-header-display":"","ast-hfb-above-header-display":"","ast-hfb-below-header-display":"","ast-hfb-mobile-header-display":"","site-post-title":"","ast-breadcrumbs-content":"","ast-featured-img":"","footer-sml-layout":"","ast-disable-related-posts":"","theme-transparent-header-meta":"","adv-header-id-meta":"","stick-header-meta":"","header-above-stick-meta":"","header-main-stick-meta":"","header-below-stick-meta":"","astra-migrate-meta-layouts":"default","ast-page-background-enabled":"default","ast-page-background-meta":{"desktop":{"background-color":"","background-image":"","background-repeat":"repeat","background-position":"center center","background-size":"auto","background-attachment":"scroll","background-type":"","background-media":"","overlay-type":"","overlay-color":"","overlay-opacity":"","overlay-gradient":""},"tablet":{"background-color":"","background-image":"","background-repeat":"repeat","background-position":"center center","background-size":"auto","background-attachment":"scroll","background-type":"","background-media":"","overlay-type":"","overlay-color":"","overlay-opacity":"","overlay-gradient":""},"mobile":{"background-color":"","background-image":"","background-repeat":"repeat","background-position":"center center","background-size":"auto","background-attachment":"scroll","background-type":"","background-media":"","overlay-type":"","overlay-color":"","overlay-opacity":"","overlay-gradient":""}},"ast-content-background-meta":{"desktop":{"background-color":"var(--ast-global-color-5)","background-image":"","background-repeat":"repeat","background-position":"center center","background-size":"auto","background-attachment":"scroll","background-type":"","background-media":"","overlay-type":"","overlay-color":"","overlay-opacity":"","overlay-gradient":""},"tablet":{"background-color":"var(--ast-global-color-5)","background-image":"","background-repeat":"repeat","background-position":"center center","background-size":"auto","background-attachment":"scroll","background-type":"","background-media":"","overlay-type":"","overlay-color":"","overlay-opacity":"","overlay-gradient":""},"mobile":{"background-color":"var(--ast-global-color-5)","background-image":"","background-repeat":"repeat","background-position":"center center","background-size":"auto","background-attachment":"scroll","background-type":"","background-media":"","overlay-type":"","overlay-color":"","overlay-opacity":"","overlay-gradient":""}},"footnotes":""},"class_list":["post-813","page","type-page","status-publish","hentry"],"_links":{"self":[{"href":"https:\/\/hksys.de\/cms16\/wp-json\/wp\/v2\/pages\/813","targetHints":{"allow":["GET"]}}],"collection":[{"href":"https:\/\/hksys.de\/cms16\/wp-json\/wp\/v2\/pages"}],"about":[{"href":"https:\/\/hksys.de\/cms16\/wp-json\/wp\/v2\/types\/page"}],"author":[{"embeddable":true,"href":"https:\/\/hksys.de\/cms16\/wp-json\/wp\/v2\/users\/1"}],"replies":[{"embeddable":true,"href":"https:\/\/hksys.de\/cms16\/wp-json\/wp\/v2\/comments?post=813"}],"version-history":[{"count":0,"href":"https:\/\/hksys.de\/cms16\/wp-json\/wp\/v2\/pages\/813\/revisions"}],"wp:attachment":[{"href":"https:\/\/hksys.de\/cms16\/wp-json\/wp\/v2\/media?parent=813"}],"curies":[{"name":"wp","href":"https:\/\/api.w.org\/{rel}","templated":true}]}}